{"id":8,"date":"2016-11-22T18:30:07","date_gmt":"2016-11-22T15:30:07","guid":{"rendered":"http:\/\/www.zorlukimya.com.tr\/?page_id=8"},"modified":"2019-09-28T13:20:23","modified_gmt":"2019-09-28T10:20:23","slug":"hakkimizda","status":"publish","type":"page","link":"https:\/\/www.zorlukimya.com.tr\/?page_id=8&lang=tr","title":{"rendered":"Hakk\u0131m\u0131zda"},"content":{"rendered":"<p>&nbsp;<\/p>\n<p style=\"text-align: justify;\">Firmam\u0131z 1994 y\u0131l\u0131nda Alsel Kimya San. ve Tic. Ltd.\u015eti. \u00fcnvan\u0131 ile metal sabunlar\u0131 ve stearatlar\u0131 \u00fcretimi yapmak \u00fczere kurulmu\u015ftur.. 1995 y\u0131l\u0131nda firma \u00fcnvan\u0131m\u0131z Zorlu Kimya San. ve Tic. Ltd.\u015eti olarak de\u011fi\u015ftirilmi\u015ftir. \u00c7al\u0131\u015ft\u0131\u011f\u0131m\u0131z ana sekt\u00f6r Plastik(PVC-PE-PP-PS-PC-PA-Melamin-Bakalit v.b.) sekt\u00f6r\u00fcne Metal sabunlar\u0131 ve stearatlar\u0131(loratlar\u0131,hidroksistearatlar\u0131,oleatlar\u0131, vb.), ZZorbi\u00ae markam\u0131zla Toz pul gran\u00fcr ve pellet ve s\u0131v\u0131 formlar\u0131nda m\u00fc\u015fteri istek ve talepleri do\u011frultusunda standartlardan taviz vermeden kaliteli yard\u0131mc\u0131 katk\u0131 \u00fcr\u00fcnleri \u00fcretimi yapmaktad\u0131r. Firmam\u0131z ana konusu olan Plastik sekt\u00f6r\u00fcne ek olarak Boya&amp;Polyester, Kozmetik, Kau\u00e7uk,Yap\u0131 Kimyasallar\u0131, Ya\u011f Kimyasallar\u0131, Metal sekt\u00f6r\u00fc ve Kimya Marketimizle ve yeni \u00fcr\u00fcnlerimizle faaliyetlerini devam edecektir.<\/p>\n<table style=\"width: 100%;\">\n<tbody>\n<tr>\n<td><a href=\"http:\/\/www.zorlukimya.com.tr\/wp-content\/uploads\/2016\/11\/iso-9001.jpg\"><img loading=\"lazy\" decoding=\"async\" class=\"wp-image-1120 size-medium aligncenter\" src=\"http:\/\/www.zorlukimya.com.tr\/wp-content\/uploads\/2016\/11\/iso-9001-212x300.jpg\" alt=\"\" width=\"212\" height=\"300\" data-id=\"1120\" srcset=\"https:\/\/www.zorlukimya.com.tr\/wp-content\/uploads\/2016\/11\/iso-9001-212x300.jpg 212w, https:\/\/www.zorlukimya.com.tr\/wp-content\/uploads\/2016\/11\/iso-9001.jpg 637w\" sizes=\"auto, (max-width: 212px) 100vw, 212px\" \/><\/a><\/td>\n<td><a href=\"http:\/\/www.zorlukimya.com.tr\/wp-content\/uploads\/2016\/11\/ohsah-18001.jpg\"><img loading=\"lazy\" decoding=\"async\" class=\"aligncenter wp-image-1122 size-medium\" src=\"http:\/\/www.zorlukimya.com.tr\/wp-content\/uploads\/2016\/11\/ohsah-18001-212x300.jpg\" alt=\"\" width=\"212\" height=\"300\" data-id=\"1122\" srcset=\"https:\/\/www.zorlukimya.com.tr\/wp-content\/uploads\/2016\/11\/ohsah-18001-212x300.jpg 212w, https:\/\/www.zorlukimya.com.tr\/wp-content\/uploads\/2016\/11\/ohsah-18001.jpg 637w\" sizes=\"auto, (max-width: 212px) 100vw, 212px\" \/><\/a><\/td>\n<td><a href=\"http:\/\/www.zorlukimya.com.tr\/wp-content\/uploads\/2016\/11\/iso-14001.jpg\"><img loading=\"lazy\" decoding=\"async\" class=\"wp-image-1121 size-medium aligncenter\" src=\"http:\/\/www.zorlukimya.com.tr\/wp-content\/uploads\/2016\/11\/iso-14001-212x300.jpg\" alt=\"\" width=\"212\" height=\"300\" data-id=\"1121\" srcset=\"https:\/\/www.zorlukimya.com.tr\/wp-content\/uploads\/2016\/11\/iso-14001-212x300.jpg 212w, https:\/\/www.zorlukimya.com.tr\/wp-content\/uploads\/2016\/11\/iso-14001.jpg 637w\" sizes=\"auto, (max-width: 212px) 100vw, 212px\" \/><\/a><\/td>\n<\/tr>\n<\/tbody>\n<\/table>\n<hr \/>\n<p style=\"text-align: left;\"><strong>Vizyonumuz<\/strong><\/p>\n<p style=\"text-align: justify;\">Zorlu Kimya San ve Tic. Ltd.\u015eti. olarak m\u00fc\u015fteri memnuniyetini, s\u00fcrekli geli\u015fmeyi, kaliteyi, ekip \u00e7al\u0131\u015fmas\u0131n\u0131, sosyal sorumlulu\u011fu, profesyonel y\u00f6netim anlay\u0131\u015f\u0131n\u0131, teknolojik geli\u015fmelere uygunlu\u011fu ve payla\u015f\u0131m\u0131 esas alan bir anlay\u0131\u015fla sekt\u00f6r\u00fcnde lider bir kurulu\u015f olmay\u0131 kendine \u201cV\u0130ZYON\u201d edinmi\u015ftir.<\/p>\n<hr \/>\n<p style=\"text-align: justify;\"><strong>Misyonumuz<\/strong><\/p>\n<p style=\"text-align: justify;\">M\u00fc\u015fterilerimizin memnuniyeti her zaman ana ilkemiz olmu\u015ftur. En iyi hizmeti sizlere sunabilmek i\u00e7in yat\u0131r\u0131mlar\u0131m\u0131za aral\u0131ks\u0131z devam ederek markam\u0131z\u0131 en iyi noktalara ta\u015f\u0131yaca\u011f\u0131z.<\/p>\n<hr \/>\n<p style=\"text-align: justify;\"><strong>Kalite &amp; \u00c7evre &amp; \u0130sg Politikas\u0131<\/strong><\/p>\n<p style=\"text-align: justify;\">\u2022 Plastik ve Polimer Katk\u0131 Maddeleri, Boya ve Yap\u0131 Kimyasallar\u0131 katk\u0131 maddeleri, kozmetik katk\u0131 maddeleri, metal sanayi ve ya\u011f katk\u0131 maddelerinin \u00fcretimi, pazarlamas\u0131 ve sat\u0131\u015f\u0131nda; m\u00fc\u015fterilerimizin ihtiya\u00e7 ve beklentisini kar\u015f\u0131layacak \u015fekilde \u00fcreterek s\u00fcrekli bir m\u00fc\u015fteri memnuniyeti sa\u011flamak,<\/p>\n<p>\u2022 \u00c7evre etkilerini ve riskleri g\u00f6z \u00f6n\u00fcnde bulundurarak, uygun kaynak ve teknolojiyi kullanarak, kaliteli \u00fcr\u00fcn \u00fcretmek,<\/p>\n<p>\u2022 Kurulu\u015fumuz, \u00e7evre, i\u015f sa\u011fl\u0131\u011f\u0131 ve g\u00fcvenli\u011fi ilgili yasal d\u00fczenlemelere uygun olarak faaliyetlerini s\u00fcrd\u00fcrmek,<\/p>\n<p>\u2022 \u00c7al\u0131\u015fanlar\u0131m\u0131z\u0131n sa\u011fl\u0131k ve g\u00fcvenliklerini sa\u011flamak ve buna uygun \u00e7al\u0131\u015fma ortam\u0131n\u0131 olu\u015fturmak,<\/p>\n<p>\u2022 Kalite &amp; \u00c7evre &amp; \u0130SG Y\u00f6netim sistemlerinin \u015fartlar\u0131na uymak ve s\u00fcrekli g\u00f6zden ge\u00e7irilmesini, iyile\u015ftirilmesini sa\u011flamak,<\/p>\n<p>\u2022 Kalite &amp; \u00c7evre &amp; \u0130SG ile ilgili konularda m\u00fc\u015fteri, tedarik\u00e7i, resmi ve di\u011fer kurulu\u015flarla ileti\u015fim i\u00e7inde olmak ve gereken konularda destek vermek,<\/p>\n<p>\u2022 Do\u011fal kaynaklar\u0131 verimli kullanmak,<\/p>\n<p>\u2022 \u00c7evre boyutlar\u0131n\u0131 kontrol alt\u0131nda tutarak, \u00e7evre kirlili\u011fini azaltmak,<\/p>\n<p>\u2022 T\u00fcm \u00e7al\u0131\u015fanlar\u0131m\u0131za Kalite &amp; \u00c7evre &amp; \u0130SG ile ilgili s\u00fcrekli e\u011fitim ve motivasyon sa\u011flamak,<\/p>\n<p style=\"text-align: justify;\">Kurulu\u015fumuz, \u00e7al\u0131\u015fanlar\u0131na, topluma ve \u00e7evreye kar\u015f\u0131 sorumluluk bilincinde olup, g\u00fcvenli ve sa\u011fl\u0131kl\u0131 bir ortam\u0131n olu\u015fmas\u0131 i\u00e7in gerekenleri yapaca\u011f\u0131n\u0131 taahh\u00fct eder.<\/p>\n<p>GENEL M\u00dcD\u00dcR<br \/>\nFAT\u0130H AKTA\u015e<\/p>\n","protected":false},"excerpt":{"rendered":"<p>&nbsp; Firmam\u0131z 1994 y\u0131l\u0131nda Alsel Kimya San. ve Tic. Ltd.\u015eti. \u00fcnvan\u0131 ile metal sabunlar\u0131 ve stearatlar\u0131 \u00fcretimi yapmak \u00fczere kurulmu\u015ftur.. 1995 y\u0131l\u0131nda firma \u00fcnvan\u0131m\u0131z Zorlu Kimya San. ve Tic. Ltd.\u015eti olarak de\u011fi\u015ftirilmi\u015ftir. \u00c7al\u0131\u015ft\u0131\u011f\u0131m\u0131z ana sekt\u00f6r Plastik(PVC-PE-PP-PS-PC-PA-Melamin-Bakalit v.b.) sekt\u00f6r\u00fcne Metal sabunlar\u0131 ve stearatlar\u0131(loratlar\u0131,hidroksistearatlar\u0131,oleatlar\u0131, vb.), ZZorbi\u00ae markam\u0131zla Toz pul gran\u00fcr ve pellet ve s\u0131v\u0131 formlar\u0131nda m\u00fc\u015fteri istek<a href=\"https:\/\/www.zorlukimya.com.tr\/?page_id=8&#038;lang=tr\" class=\"readmore\">Read More&#8230;<\/a><\/p>\n","protected":false},"author":1,"featured_media":0,"parent":0,"menu_order":0,"comment_status":"closed","ping_status":"closed","template":"","meta":{"footnotes":""},"class_list":["post-8","page","type-page","status-publish","hentry"],"_links":{"self":[{"href":"https:\/\/www.zorlukimya.com.tr\/index.php?rest_route=\/wp\/v2\/pages\/8","targetHints":{"allow":["GET"]}}],"collection":[{"href":"https:\/\/www.zorlukimya.com.tr\/index.php?rest_route=\/wp\/v2\/pages"}],"about":[{"href":"https:\/\/www.zorlukimya.com.tr\/index.php?rest_route=\/wp\/v2\/types\/page"}],"author":[{"embeddable":true,"href":"https:\/\/www.zorlukimya.com.tr\/index.php?rest_route=\/wp\/v2\/users\/1"}],"replies":[{"embeddable":true,"href":"https:\/\/www.zorlukimya.com.tr\/index.php?rest_route=%2Fwp%2Fv2%2Fcomments&post=8"}],"version-history":[{"count":9,"href":"https:\/\/www.zorlukimya.com.tr\/index.php?rest_route=\/wp\/v2\/pages\/8\/revisions"}],"predecessor-version":[{"id":1127,"href":"https:\/\/www.zorlukimya.com.tr\/index.php?rest_route=\/wp\/v2\/pages\/8\/revisions\/1127"}],"wp:attachment":[{"href":"https:\/\/www.zorlukimya.com.tr\/index.php?rest_route=%2Fwp%2Fv2%2Fmedia&parent=8"}],"curies":[{"name":"wp","href":"https:\/\/api.w.org\/{rel}","templated":true}]}}