{"id":6,"date":"2016-11-22T18:29:54","date_gmt":"2016-11-22T15:29:54","guid":{"rendered":"http:\/\/www.zorlukimya.com.tr\/?page_id=6"},"modified":"2023-08-14T13:51:38","modified_gmt":"2023-08-14T10:51:38","slug":"iletisim","status":"publish","type":"page","link":"https:\/\/www.zorlukimya.com.tr\/?page_id=6&lang=tr","title":{"rendered":"\u0130leti\u015fim"},"content":{"rendered":"<table style=\"width: 100%;\">\n<tbody>\n<tr>\n<td style=\"text-align: left; vertical-align: top;\"><strong>ZORLU K\u0130MYA SAN.T\u0130C. ve LTD.\u015eT\u0130.<\/strong><\/p>\n<p>Esentepe Mh. Sultangazi K\u00fc\u00e7\u00fck Sanayi Sitesi 5.Blok No:14A<br \/>\nSultangazi\/\u0130stanbul\/T\u00fcrkiye<br \/>\n<strong>Tel :<\/strong> +90 (212) 606 28 17 &#8211; 19<br \/>\n<strong>Faks :<\/strong> +90 (212) 606 09 28<br \/>\n<strong>E-Posta :<\/strong> info@zorlukimya.com.tr<br \/>\n<strong>Facebook : <a href=\"https:\/\/www.facebook.com\/zorlukimya\" target=\"_blank\" rel=\"noopener noreferrer\">zorlukimya<\/a><br \/>\nInstagram : <a href=\"https:\/\/www.instagram.com\/zorlukimya\/\" target=\"_blank\" rel=\"noopener noreferrer\">zorlukimya<\/a><\/strong><\/td>\n<\/tr>\n<tr>\n<td style=\"text-align: left; vertical-align: top;\">\n\n<!-- Fast Secure Contact Form plugin 4.0.44 - begin - FastSecureContactForm.com -->\n<div style=\"clear:both;\"><\/div>\n** \u00d6neri, g\u00f6r\u00fc\u015f ve bildirimleriniz i\u00e7in a\u015fa\u011f\u0131daki formu kullanabilirsiniz.\n<div id=\"FSContact1\" style=\"width:99%; max-width:555px;\">\n<form action=\"https:\/\/www.zorlukimya.com.tr\/index.php?rest_route=%2Fwp%2Fv2%2Fpages%2F6#FSContact1\" id=\"fscf_form1\" method=\"post\">\n\n<div id=\"fscf_div_clear1_0\" style=\"clear:both;\">\n  <div id=\"fscf_div_field1_0\" style=\"clear:left; float:left; width:99%; max-width:550px; margin-right:10px;\">\n    <div style=\"text-align:left; padding-top:5px;\">\n      <label style=\"text-align:left;\" for=\"fscf_name1\">Ad\u0131n\u0131z:<\/label>\n    <\/div>\n    <div style=\"text-align:left;\">\n      <input style=\"text-align:left; margin:0; width:99%; max-width:350px;\" type=\"text\" id=\"fscf_name1\" name=\"full_name\" value=\"\"  \/>\n    <\/div>\n  <\/div>\n<\/div>\n\n<div id=\"fscf_div_clear1_4\" style=\"clear:both;\">\n  <div id=\"fscf_div_field1_4\" style=\"clear:left; float:left; width:99%; max-width:550px; margin-right:10px;\">\n    <div  id=\"fscf_label1_4\" style=\"text-align:left; padding-top:5px;\">\n      <label style=\"text-align:left;\" for=\"fscf_field1_4\">Telefon :<\/label>\n    <\/div>\n    <div style=\"text-align:left;\">\n      <input style=\"text-align:left; margin:0; width:99%; max-width:350px;\" type=\"text\" id=\"fscf_field1_4\" name=\"Telefon\" value=\"\"  \/>\n    <\/div>\n  <\/div>\n<\/div>\n\n<div id=\"fscf_div_clear1_1\" style=\"clear:both;\">\n  <div id=\"fscf_div_field1_1\" style=\"clear:left; float:left; width:99%; max-width:550px; margin-right:10px;\">\n    <div style=\"text-align:left; padding-top:5px;\">\n      <label style=\"text-align:left;\" for=\"fscf_email1\">Eposta:<\/label>\n    <\/div>\n    <div style=\"text-align:left;\">\n      <input style=\"text-align:left; margin:0; width:99%; max-width:350px;\" type=\"text\" id=\"fscf_email1\" name=\"email\" value=\"\"  \/>\n    <\/div>\n  <\/div>\n<\/div>\n\n<div id=\"fscf_div_clear1_3\" style=\"clear:both;\">\n  <div id=\"fscf_div_field1_3\" style=\"clear:left; float:left; width:99%; max-width:550px; margin-right:10px;\">\n    <div style=\"text-align:left; padding-top:5px;\">\n      <label style=\"text-align:left;\" for=\"fscf_field1_3\">\u0130leti:<\/label>\n    <\/div>\n    <div style=\"text-align:left;\">\n      <textarea style=\"text-align:left; margin:0; width:99%; max-width:350px; height:120px;\" id=\"fscf_field1_3\" name=\"message\" cols=\"30\" rows=\"10\" ><\/textarea>\n    <\/div>\n  <\/div>\n<\/div>\n<div style=\"clear:both;\"><\/div>\n\n<div style=\"text-align:left; padding-top:5px;\">\n<\/div>\n<div id=\"fscf_captcha_image_div1\" style=\"width:250px; height:65px; padding-top:2px;\">\n      <img loading=\"lazy\" decoding=\"async\" id=\"fscf_captcha_image1\" style=\"border-style:none; margin:0; padding:0px; padding-right:5px; float:left;\" src=\"https:\/\/www.zorlukimya.com.tr\/wp-content\/plugins\/si-contact-form\/captcha\/securimage_show.php?prefix=w0Py37hvInT8WJ4M\" width=\"175\" height=\"60\" alt=\"CAPTCHA\" title=\"CAPTCHA\" \/>\n      <input id=\"fscf_captcha_prefix1\" type=\"hidden\" name=\"fscf_captcha_prefix1\" value=\"w0Py37hvInT8WJ4M\" \/>\n     <div id=\"fscf_captcha_refresh1\">\n        <a href=\"#\" rel=\"nofollow\" title=\"Refresh\" onclick=\"fscf_captcha_refresh('1','\/wp-content\/plugins\/si-contact-form\/captcha','https:\/\/www.zorlukimya.com.tr\/wp-content\/plugins\/si-contact-form\/captcha\/securimage_show.php?prefix='); return false;\">\n        <img loading=\"lazy\" decoding=\"async\" src=\"https:\/\/www.zorlukimya.com.tr\/wp-content\/plugins\/si-contact-form\/captcha\/images\/refresh.png\" width=\"22\" height=\"20\" alt=\"Refresh\" style=\"border-style:none; margin:0; padding:0px; vertical-align:bottom;\" onclick=\"this.blur();\" \/><\/a>\n     <\/div>\n<\/div>\n\n<div id=\"fscf_captcha_field1\" style=\"text-align:left; padding-top:5px;\">\n     <label style=\"text-align:left;\" for=\"fscf_captcha_code1\">CAPTCHA (\u015eah\u0131s Denetim Kodu):<\/label>\n<\/div>\n<div style=\"text-align:left;\">\n     <input style=\"text-align:left; margin:0; width:150px;\" type=\"text\" value=\"\" autocomplete=\"off\" id=\"fscf_captcha_code1\" name=\"captcha_code\"  \/>\n<\/div>\n\n<div id=\"fscf_submit_div1\" style=\"text-align:left; clear:both; padding-top:15px;\">\n\t\t<input type=\"submit\" id=\"fscf_submit1\" style=\"cursor:pointer; margin:0;\" value=\"G\u00f6nder\"  onclick=\"this.disabled=true; this.value='G\u00f6nderiliyor...'; this.form.submit();\" \/> \n<\/div>\n\n<input type=\"hidden\" name=\"fscf_submitted\" value=\"0\" \/>\n<input type=\"hidden\" name=\"fs_postonce_1\" value=\"180f73eb33a3846bd85b624edbefddd4,1776597725\" \/>\n<input type=\"hidden\" name=\"si_contact_action\" value=\"send\" \/>\n<input type=\"hidden\" name=\"form_id\" value=\"1\" \/>\n<input type=\"hidden\" name=\"mailto_id\" value=\"1\" \/>\n\n<\/form>\n<\/div>\n<div style=\"clear:both;\"><\/div>\n\n<!-- Fast Secure Contact Form plugin 4.0.44 - end - FastSecureContactForm.com -->\n<\/td>\n<\/tr>\n<tr>\n<td style=\"text-align: left; vertical-align: top;\"><em><strong>Ula\u015f\u0131m &amp; Kroki :<\/strong><\/em><\/p>\n<p><iframe loading=\"lazy\" src=\"https:\/\/www.google.com\/maps\/embed?pb=!1m18!1m12!1m3!1d3006.8220532506357!2d28.878107014975964!3d41.094734479292164!2m3!1f0!2f0!3f0!3m2!1i1024!2i768!4f13.1!3m3!1m2!1s0x14cab035289ff7c3%3A0x522da6da3363de1e!2sZorlu+Kimya+San.Tic.+ve+Ltd.%C5%9Eti.!5e0!3m2!1str!2str!4v1479827537778\" width=\"100%\" height=\"300px\" frameborder=\"0\" allowfullscreen=\"allowfullscreen\"><\/iframe><\/td>\n<\/tr>\n<\/tbody>\n<\/table>\n","protected":false},"excerpt":{"rendered":"<p>ZORLU K\u0130MYA SAN.T\u0130C. ve LTD.\u015eT\u0130. Esentepe Mh. Sultangazi K\u00fc\u00e7\u00fck Sanayi Sitesi 5.Blok No:14A Sultangazi\/\u0130stanbul\/T\u00fcrkiye Tel : +90 (212) 606 28 17 &#8211; 19 Faks : +90 (212) 606 09 28 E-Posta : info@zorlukimya.com.tr Facebook : zorlukimya Instagram : zorlukimya Ula\u015f\u0131m &amp; Kroki :<\/p>\n","protected":false},"author":1,"featured_media":0,"parent":0,"menu_order":0,"comment_status":"closed","ping_status":"closed","template":"","meta":{"footnotes":""},"class_list":["post-6","page","type-page","status-publish","hentry"],"_links":{"self":[{"href":"https:\/\/www.zorlukimya.com.tr\/index.php?rest_route=\/wp\/v2\/pages\/6","targetHints":{"allow":["GET"]}}],"collection":[{"href":"https:\/\/www.zorlukimya.com.tr\/index.php?rest_route=\/wp\/v2\/pages"}],"about":[{"href":"https:\/\/www.zorlukimya.com.tr\/index.php?rest_route=\/wp\/v2\/types\/page"}],"author":[{"embeddable":true,"href":"https:\/\/www.zorlukimya.com.tr\/index.php?rest_route=\/wp\/v2\/users\/1"}],"replies":[{"embeddable":true,"href":"https:\/\/www.zorlukimya.com.tr\/index.php?rest_route=%2Fwp%2Fv2%2Fcomments&post=6"}],"version-history":[{"count":3,"href":"https:\/\/www.zorlukimya.com.tr\/index.php?rest_route=\/wp\/v2\/pages\/6\/revisions"}],"predecessor-version":[{"id":1150,"href":"https:\/\/www.zorlukimya.com.tr\/index.php?rest_route=\/wp\/v2\/pages\/6\/revisions\/1150"}],"wp:attachment":[{"href":"https:\/\/www.zorlukimya.com.tr\/index.php?rest_route=%2Fwp%2Fv2%2Fmedia&parent=6"}],"curies":[{"name":"wp","href":"https:\/\/api.w.org\/{rel}","templated":true}]}}