{"id":20,"date":"2016-11-22T18:47:48","date_gmt":"2016-11-22T15:47:48","guid":{"rendered":"http:\/\/www.zorlukimya.com.tr\/?page_id=20"},"modified":"2016-12-10T00:19:37","modified_gmt":"2016-12-09T21:19:37","slug":"anasayfa","status":"publish","type":"page","link":"https:\/\/www.zorlukimya.com.tr\/?page_id=20&lang=tr","title":{"rendered":""},"content":{"rendered":"<div tabindex=\"0\" class=\"cycloneslider cycloneslider-template-standard cycloneslider-width-responsive\" id=\"cycloneslider-zorlu-ana-gecis-tr-1\" style=\"max-width:1120px\" > <div class=\"cycloneslider-slides cycle-slideshow\" data-cycle-allow-wrap=\"true\" data-cycle-dynamic-height=\"off\" data-cycle-auto-height=\"1120:400\" data-cycle-auto-height-easing=\"null\" data-cycle-auto-height-speed=\"250\" data-cycle-delay=\"0\" data-cycle-easing=\"\" data-cycle-fx=\"scrollHorz\" data-cycle-hide-non-active=\"true\" data-cycle-log=\"false\" data-cycle-next=\"#cycloneslider-zorlu-ana-gecis-tr-1 .cycloneslider-next\" data-cycle-pager=\"#cycloneslider-zorlu-ana-gecis-tr-1 .cycloneslider-pager\" data-cycle-pause-on-hover=\"true\" data-cycle-prev=\"#cycloneslider-zorlu-ana-gecis-tr-1 .cycloneslider-prev\" data-cycle-slides=\"&gt; div\" data-cycle-speed=\"1000\" data-cycle-swipe=\"false\" data-cycle-tile-count=\"3\" data-cycle-tile-delay=\"100\" data-cycle-tile-vertical=\"false\" data-cycle-timeout=\"3000\" > <div class=\"cycloneslider-slide cycloneslider-slide-image\" > <img decoding=\"async\" src=\"https:\/\/www.zorlukimya.com.tr\/wp-content\/uploads\/2016\/11\/slide19.jpg\" alt=\"\" title=\"\" \/> <div class=\"cycloneslider-caption\"> <div class=\"cycloneslider-caption-title\">\u00dcretimde \u00c7\u00f6z\u00fcm Orta\u011f\u0131n\u0131z<\/div> <div class=\"cycloneslider-caption-description\"><\/div> <\/div> <\/div> <div class=\"cycloneslider-slide cycloneslider-slide-image\" > <img decoding=\"async\" src=\"https:\/\/www.zorlukimya.com.tr\/wp-content\/uploads\/2016\/11\/slide12.jpg\" alt=\"\" title=\"\" \/> <div class=\"cycloneslider-caption\"> <div class=\"cycloneslider-caption-title\">Plastik &amp; Pvc Katk\u0131lar\u0131<\/div> <div class=\"cycloneslider-caption-description\"><\/div> <\/div> <\/div> <div class=\"cycloneslider-slide cycloneslider-slide-image\" > <img decoding=\"async\" src=\"https:\/\/www.zorlukimya.com.tr\/wp-content\/uploads\/2016\/11\/slide7.jpg\" alt=\"\" title=\"\" \/> <div class=\"cycloneslider-caption\"> <div class=\"cycloneslider-caption-title\">Kau\u00e7uk Kimyasallar\u0131<\/div> <div class=\"cycloneslider-caption-description\"><\/div> <\/div> <\/div> <div class=\"cycloneslider-slide cycloneslider-slide-image\" > <img decoding=\"async\" src=\"https:\/\/www.zorlukimya.com.tr\/wp-content\/uploads\/2016\/11\/anasayfa-polyester.jpg\" alt=\"\" title=\"\" \/> <div class=\"cycloneslider-caption\"> <div class=\"cycloneslider-caption-title\">Polyester<\/div> <div class=\"cycloneslider-caption-description\"><\/div> <\/div> <\/div> <div class=\"cycloneslider-slide cycloneslider-slide-image\" > <img decoding=\"async\" src=\"https:\/\/www.zorlukimya.com.tr\/wp-content\/uploads\/2016\/11\/slide15.jpg\" alt=\"\" title=\"\" \/> <div class=\"cycloneslider-caption\"> <div class=\"cycloneslider-caption-title\">Boya Kimyasallar\u0131<\/div> <div class=\"cycloneslider-caption-description\"><\/div> <\/div> <\/div> <div class=\"cycloneslider-slide cycloneslider-slide-image\" > <img decoding=\"async\" src=\"https:\/\/www.zorlukimya.com.tr\/wp-content\/uploads\/2016\/11\/slide17.jpg\" alt=\"\" title=\"\" \/> <div class=\"cycloneslider-caption\"> <div class=\"cycloneslider-caption-title\">Yap\u0131 Kimyasallar\u0131<\/div> <div class=\"cycloneslider-caption-description\"><\/div> <\/div> <\/div> <div class=\"cycloneslider-slide cycloneslider-slide-image\" > <img decoding=\"async\" src=\"https:\/\/www.zorlukimya.com.tr\/wp-content\/uploads\/2016\/11\/kozmetik-urunleri-ve-kadin.jpg\" alt=\"\" title=\"\" \/> <div class=\"cycloneslider-caption\"> <div class=\"cycloneslider-caption-title\">Kozmetik<\/div> <div class=\"cycloneslider-caption-description\"><\/div> <\/div> <\/div> <div class=\"cycloneslider-slide cycloneslider-slide-image\" > <img decoding=\"async\" src=\"https:\/\/www.zorlukimya.com.tr\/wp-content\/uploads\/2016\/11\/slide18.jpg\" alt=\"\" title=\"\" \/> <div class=\"cycloneslider-caption\"> <div class=\"cycloneslider-caption-title\">Metal Sekt\u00f6r\u00fc<\/div> <div class=\"cycloneslider-caption-description\"><\/div> <\/div> <\/div> <div class=\"cycloneslider-slide cycloneslider-slide-image\" > <img decoding=\"async\" src=\"https:\/\/www.zorlukimya.com.tr\/wp-content\/uploads\/2016\/11\/slide16.jpg\" alt=\"\" title=\"\" \/> <div class=\"cycloneslider-caption\"> <div class=\"cycloneslider-caption-title\">Ya\u011f Katk\u0131lar\u0131<\/div> <div class=\"cycloneslider-caption-description\"><\/div> <\/div> <\/div> <div class=\"cycloneslider-slide cycloneslider-slide-image\" > <img decoding=\"async\" src=\"https:\/\/www.zorlukimya.com.tr\/wp-content\/uploads\/2016\/11\/slide11.jpg\" alt=\"\" title=\"\" \/> <div class=\"cycloneslider-caption\"> <div class=\"cycloneslider-caption-title\">Kimya Market<\/div> <div class=\"cycloneslider-caption-description\"><\/div> <\/div> <\/div> <\/div> <div class=\"cycloneslider-pager\"><\/div> <a href=\"#\" class=\"cycloneslider-prev\"> <span class=\"arrow\"><\/span> <\/a> <a href=\"#\" class=\"cycloneslider-next\"> <span class=\"arrow\"><\/span> <\/a> <\/div>\n\t<style> \r\n\t\t\/* Menu Background color *\/\r\n\t\t#UGM_42 .UGPMenuBackground{\r\n\t\t\tbackground-color:#000000; \r\n\t\t}\r\n\r\n\t\t#UGM_42 .UGPMenuButtonBackgroundSelected{\r\n\t\t\tbackground-color: #000000;\r\n\t\t\tpointer-events: none;\r\n\t\t\tcolor:#000000;\r\n\t\t}\r\n\r\n\t\t#UGM_42 .centerDark,\r\n\t\t#UGM_42 .centerWhite,\r\n\t\t#UGM_42 .centerNormalDark {\r\n\t\t\tcolor:#ffffff;\r\n\t\t}\r\n\t\t\r\n\t\t#UGM_42 .searchClassName,\r\n\t\t#UGM_42 .searchNotFound,\r\n\t\t#UGM_42 .centerWhite,\r\n\t\t#UGM_42 .centerDark,\r\n\t\t#UGM_42 .gallery1DecHeader,\r\n\t\t#UGM_42 .gallery1DescP\r\n\t\t{\r\n\t\t\tfont-family:_tahoma !important;\r\n\t\t}\r\n\t\t<\/style>\r\n\t<script src=\"https:\/\/www.zorlukimya.com.tr\/wp-content\/plugins\/ultimate-gallery-master\/js\/FWDUGP.js\"><\/script>\r\n<script type=\"text\/javascript\">\r\nFWDRLUtils.onReady(function(){\r\n\tnew FWDUGP({\r\n\t\/* main settings  *\/\r\n\t\tgridType:\"classicVertical\",\r\n\t\trightClickContextMenu:\"default\",\r\n\t\tinstanceName:\"myUGP_42\",\r\n\t\tparentId:\"UGM_42\",\r\n\t\tmainFolderPath:\"https:\/\/www.zorlukimya.com.tr\/wp-content\/plugins\/ultimate-gallery-master\/content\",\r\n\t\tgridSkinPath:\"grid_skin_classic\",\r\n\t\tlightboxSkinPath:\"lightbox_skin_classic\",\r\n\t\tplaylistId:\"UGMGallery_42\",\r\n\t\tanimateParent:\"yes\",\r\n\t\tstartAtCategory:0,\r\n\t\t\t\/* menu settings *\/\r\n\t\tshowMenu:\"no\",\r\n\t\tshowSearchBox:\"no\",\r\n\t\tcenterNoSearchFoundLabelWithMenu:\"yes\",\r\n\t\tmenuPosition:\"left\",\r\n\t\tsearchLabel:\"Search\",\r\n\t\tsearchNotFoundLabel:\"NOTHING FOUND!\",\r\n\t\tmenuButtonSpacerWidth:1,\r\n\t\tmenuButtonSpacerHeight:20,\r\n\t\tmenuButtonsSapcerLeftAndRight:10,\r\n\t\tmenuMaxWidth:920,\r\n\t\tmenuOffsetTop:18,\r\n\t\tmenuOffsetBottom:36,\r\n\t\/* thumbnail settings *\/\r\n\t\tthumbanilBoxShadow:\"none\",\r\n\t\tdisableThumbnails:\"no\", \r\n\t\tinverseButtonsIcons:\"yes\",\r\n\t\tthumbnailBackgroundColor:\"#000000\",\r\n\t\tthumbnailBorderNormalColor:\"#000000\",\r\n\t\tthumbnailBorderSelectedColor:\"#000000\",\r\n\t\tthumbnailsHorizontalOffset:0,\r\n\t\tthumbnailsVerticalOffset:5,\r\n\t\thorizontalSpaceBetweenThumbnails:15,\r\n\t\tverticalSpaceBetweenThumbnails:15,\r\n\t\tthumbnailBorderSize:5,\r\n\t\/* preset settings *\/\r\n\t\tpreset:\"animtext\",\r\n\t\ttextAnimationType:\"scale\",\r\n\t\tuseIconButtons:\"yes\",\r\n\t\tthumbnailIconWidth:30,\r\n\t\tthumbnailIconHeight:29,\r\n\t\tspaceBetweenThumbanilIcons:12,\r\n\t\tspaceBetweenTextAndIcons:20,\r\n\t\tthumbnailOverlayColor:\"#000000\",\r\n\t\tthumbnailOverlayOpacity:0.8,\r\n\t\/* ligtbox settings (optional) *\/\r\n\t\tshowZoomButton:\"no\",\r\n\t\tshowDescriptionButton:\"no\",\r\n\t\tshowDescriptionByDefault:\"yes\",\r\n\t});\r\n});\r\n<\/script>\r\n<!-- UGP holder -->\r\n<div id=\"UGM_42\"><\/div>\r\n<div id=\"UGMGallery_42\" style=\"display:none\">\r\n\t<ul>\r\n\t<li data-url=\"link:\" data-target=\"_self\" ><img decoding=\"async\" src=\"http:\/\/www.zorlukimya.com.tr\/wp-content\/uploads\/2016\/11\/plastik-pvc2.jpg\" alt=\"Plastik & Pvc\"\/> <div data-thumbnail-content1=\"\"><div class=\"centerDark\">Plastik & Pvc<\/div><\/div><div data-lightbox-desc=\"\"><p class=\"gallery1DecHeader\">Plastik & Pvc<\/p><p class=\"gallery1DescP\"><\/p><\/div><\/li><li data-url=\"http:\/\/www.zorlukimya.com.tr\/wp-content\/uploads\/2016\/11\/kaucuk3.jpg\" ><img decoding=\"async\" src=\"http:\/\/www.zorlukimya.com.tr\/wp-content\/uploads\/2016\/11\/kaucuk3.jpg\" alt=\"Kau\u00e7uk Kimyasallar\u0131\"\/> <div data-thumbnail-content1=\"\"><div class=\"centerDark\">Kau\u00e7uk Kimyasallar\u0131<\/div><\/div><div data-lightbox-desc=\"\"><p class=\"gallery1DecHeader\">Kau\u00e7uk Kimyasallar\u0131<\/p><p class=\"gallery1DescP\"><\/p><\/div><\/li><li data-url=\"http:\/\/www.zorlukimya.com.tr\/wp-content\/uploads\/2016\/11\/polyester3.jpg\" ><img decoding=\"async\" src=\"http:\/\/www.zorlukimya.com.tr\/wp-content\/uploads\/2016\/11\/polyester3.jpg\" alt=\"Polyester\"\/> <div data-thumbnail-content1=\"\"><div class=\"centerDark\">Polyester<\/div><\/div><div data-lightbox-desc=\"\"><p class=\"gallery1DecHeader\">Polyester<\/p><p class=\"gallery1DescP\"><\/p><\/div><\/li><li data-url=\"http:\/\/www.zorlukimya.com.tr\/wp-content\/uploads\/2016\/11\/boya3.jpg\" ><img decoding=\"async\" src=\"http:\/\/www.zorlukimya.com.tr\/wp-content\/uploads\/2016\/11\/boya3.jpg\" alt=\"\"\/> <div data-thumbnail-content1=\"\"><div class=\"centerDark\"><\/div><\/div><div data-lightbox-desc=\"\"><p class=\"gallery1DecHeader\"><\/p><p class=\"gallery1DescP\"><\/p><\/div><\/li><li data-url=\"link:\" data-target=\"_self\" ><img decoding=\"async\" src=\"http:\/\/www.zorlukimya.com.tr\/wp-content\/uploads\/2016\/11\/yapi-kimyasallari.jpg\" alt=\"Yap\u0131 Kimyasallar\u0131\"\/> <div data-thumbnail-content1=\"\"><div class=\"centerDark\">Yap\u0131 Kimyasallar\u0131<\/div><\/div><div data-lightbox-desc=\"\"><p class=\"gallery1DecHeader\">Yap\u0131 Kimyasallar\u0131<\/p><p class=\"gallery1DescP\"><\/p><\/div><\/li><li data-url=\"link:\" data-target=\"_self\" ><img decoding=\"async\" src=\"http:\/\/www.zorlukimya.com.tr\/wp-content\/uploads\/2016\/11\/kozmetik1.jpg\" alt=\"Kozmetik\"\/> <div data-thumbnail-content1=\"\"><div class=\"centerDark\">Kozmetik<\/div><\/div><div data-lightbox-desc=\"\"><p class=\"gallery1DecHeader\">Kozmetik<\/p><p class=\"gallery1DescP\"><\/p><\/div><\/li><li data-url=\"link:\" data-target=\"_self\" ><img decoding=\"async\" src=\"http:\/\/www.zorlukimya.com.tr\/wp-content\/uploads\/2016\/11\/metal-sektoru1.jpg\" alt=\"Metal Sekt\u00f6r\u00fc\"\/> <div data-thumbnail-content1=\"\"><div class=\"centerDark\">Metal Sekt\u00f6r\u00fc<\/div><\/div><div data-lightbox-desc=\"\"><p class=\"gallery1DecHeader\">Metal Sekt\u00f6r\u00fc<\/p><p class=\"gallery1DescP\"><\/p><\/div><\/li><li data-url=\"link:\" data-target=\"_self\" ><img decoding=\"async\" src=\"http:\/\/www.zorlukimya.com.tr\/wp-content\/uploads\/2016\/11\/yag-katkilari1.jpg\" alt=\"Ya\u011f Katk\u0131lar\u0131\"\/> <div data-thumbnail-content1=\"\"><div class=\"centerDark\">Ya\u011f Katk\u0131lar\u0131<\/div><\/div><div data-lightbox-desc=\"\"><p class=\"gallery1DecHeader\">Ya\u011f Katk\u0131lar\u0131<\/p><p class=\"gallery1DescP\"><\/p><\/div><\/li><li data-url=\"link:\" data-target=\"_self\" ><img decoding=\"async\" src=\"http:\/\/www.zorlukimya.com.tr\/wp-content\/uploads\/2016\/11\/kimya-market1.jpg\" alt=\"Kimyasal Market\"\/> <div data-thumbnail-content1=\"\"><div class=\"centerDark\">Kimyasal Market<\/div><\/div><div data-lightbox-desc=\"\"><p class=\"gallery1DecHeader\">Kimyasal Market<\/p><p class=\"gallery1DescP\"><\/p><\/div><\/li><li data-url=\"link:http:\/\/www.zorlukimya.com.tr\/tr\/genel\/euroasia-istanbul-2016-plastik-endustri-fuari.html\" data-target=\"_self\" ><img decoding=\"async\" src=\"http:\/\/www.zorlukimya.com.tr\/wp-content\/uploads\/2016\/11\/plast-euroasia-fuar-2016.jpg\" alt=\"Plast Euroasia 2016\"\/> <div data-thumbnail-content1=\"\"><div class=\"centerDark\">Plast Euroasia 2016<\/div><\/div><div data-lightbox-desc=\"\"><p class=\"gallery1DecHeader\">Plast Euroasia 2016<\/p><p class=\"gallery1DescP\"><\/p><\/div><\/li><li data-url=\"link:http:\/\/www.zorlukimya.com.tr\/tr\/fuarlar\/central-asia-plast-world-2017-fuari.html\" data-target=\"_self\" ><img decoding=\"async\" src=\"http:\/\/www.zorlukimya.com.tr\/wp-content\/uploads\/2016\/11\/central-plast-2017-fuar.jpg\" alt=\"Central Asia Plast World 2017 Fuar\u0131\"\/> <div data-thumbnail-content1=\"\"><div class=\"centerDark\">Central Asia Plast World 2017 Fuar\u0131<\/div><\/div><div data-lightbox-desc=\"\"><p class=\"gallery1DecHeader\">Central Asia Plast World 2017 Fuar\u0131<\/p><p class=\"gallery1DescP\"><\/p><\/div><\/li><li data-url=\"link:http:\/\/www.zorlukimya.com.tr\/tr\/fuarlar\/turkchem-2018-uluslararasi-kimya-sanayi-fuarlari.html\" data-target=\"_self\" ><img decoding=\"async\" src=\"http:\/\/www.zorlukimya.com.tr\/wp-content\/uploads\/2016\/11\/turkchem-2018.jpg\" alt=\"TURKCHEM 2018 Uluslararas\u0131 Kimya Sanayi Fuarlar\u0131\"\/> <div data-thumbnail-content1=\"\"><div class=\"centerDark\">TURKCHEM 2018 Uluslararas\u0131 Kimya Sanayi Fuarlar\u0131<\/div><\/div><div data-lightbox-desc=\"\"><p class=\"gallery1DecHeader\">TURKCHEM 2018 Uluslararas\u0131 Kimya Sanayi Fuarlar\u0131<\/p><p class=\"gallery1DescP\"><\/p><\/div><\/li>\t<\/ul>\t\t\r\n<\/div>\n","protected":false},"excerpt":{"rendered":"","protected":false},"author":1,"featured_media":0,"parent":0,"menu_order":0,"comment_status":"closed","ping_status":"closed","template":"","meta":{"footnotes":""},"class_list":["post-20","page","type-page","status-publish","hentry"],"_links":{"self":[{"href":"https:\/\/www.zorlukimya.com.tr\/index.php?rest_route=\/wp\/v2\/pages\/20","targetHints":{"allow":["GET"]}}],"collection":[{"href":"https:\/\/www.zorlukimya.com.tr\/index.php?rest_route=\/wp\/v2\/pages"}],"about":[{"href":"https:\/\/www.zorlukimya.com.tr\/index.php?rest_route=\/wp\/v2\/types\/page"}],"author":[{"embeddable":true,"href":"https:\/\/www.zorlukimya.com.tr\/index.php?rest_route=\/wp\/v2\/users\/1"}],"replies":[{"embeddable":true,"href":"https:\/\/www.zorlukimya.com.tr\/index.php?rest_route=%2Fwp%2Fv2%2Fcomments&post=20"}],"version-history":[{"count":0,"href":"https:\/\/www.zorlukimya.com.tr\/index.php?rest_route=\/wp\/v2\/pages\/20\/revisions"}],"wp:attachment":[{"href":"https:\/\/www.zorlukimya.com.tr\/index.php?rest_route=%2Fwp%2Fv2%2Fmedia&parent=20"}],"curies":[{"name":"wp","href":"https:\/\/api.w.org\/{rel}","templated":true}]}}